{"id":589,"date":"2025-10-31T11:18:45","date_gmt":"2025-10-31T11:18:45","guid":{"rendered":"https:\/\/keffhome.com\/?page_id=589"},"modified":"2025-10-31T12:54:58","modified_gmt":"2025-10-31T12:54:58","slug":"references","status":"publish","type":"page","link":"https:\/\/keffhome.com\/tr\/references\/","title":{"rendered":"Referanslar"},"content":{"rendered":"<div class=\"inherit-container-width wp-block-group alignfull has-ast-global-color-4-background-color has-background is-layout-constrained wp-container-core-group-is-layout-a7bc5ded wp-block-group-is-layout-constrained\" style=\"margin-top:0;margin-bottom:0;padding-top:min(6rem, 8vw);padding-right:min(2rem, 5vw);padding-bottom:min(6rem, 8vw);padding-left:min(2rem, 5vw)\">\n<div class=\"wp-block-columns alignwide is-layout-flex wp-container-core-columns-is-layout-f15576be wp-block-columns-is-layout-flex\">\n<div class=\"wp-block-column is-layout-flow wp-block-column-is-layout-flow\">\n<div class=\"wp-block-group alignwide is-content-justification-left is-layout-constrained wp-container-core-group-is-layout-64d09d9b wp-block-group-is-layout-constrained\" style=\"margin-bottom:min(4rem, 7vw)\">\n<h2 class=\"wp-block-heading has-x-large-font-size\">Kaliteyi, Konforu ve K\u00fcresel G\u00fcveni Ke\u015ffedin<\/h2>\n\n\n\n<p>Keff Home \u00fcr\u00fcnleri uluslararas\u0131 olarak Amazon'un bir\u00e7ok pazar yerinde ve eBay'de g\u00fcvenilir distrib\u00fct\u00f6rler taraf\u0131ndan sat\u0131lmaktad\u0131r.<\/p>\n<\/div>\n\n\n\n<div class=\"wp-block-buttons is-content-justification-left is-layout-flex wp-container-core-buttons-is-layout-db108741 wp-block-buttons-is-layout-flex\" style=\"margin-top:min(4rem, 7vw)\">\n<div class=\"wp-block-button has-custom-width wp-block-button__width-100\"><a class=\"wp-block-button__link wp-element-button\" href=\"\/tr\/our-products\/\">Daha Fazlas\u0131<\/a><\/div>\n<\/div>\n<\/div>\n\n\n\n<div class=\"wp-block-column is-layout-flow wp-block-column-is-layout-flow\">\n<div class=\"wp-block-cover is-light extendify-image-import\" style=\"min-height:100%;aspect-ratio:unset;\"><img loading=\"lazy\" decoding=\"async\" width=\"1024\" height=\"954\" class=\"wp-block-cover__image-background wp-image-552 size-large\" alt=\"pillow5\" src=\"http:\/\/keffhome.com\/wp-content\/uploads\/2025\/10\/pillow5-1024x954.jpg\" data-object-fit=\"cover\" title=\"Referanslar\" srcset=\"https:\/\/keffhome.com\/wp-content\/uploads\/2025\/10\/pillow5-1024x954.jpg 1024w, https:\/\/keffhome.com\/wp-content\/uploads\/2025\/10\/pillow5-300x279.jpg 300w, https:\/\/keffhome.com\/wp-content\/uploads\/2025\/10\/pillow5-768x715.jpg 768w, https:\/\/keffhome.com\/wp-content\/uploads\/2025\/10\/pillow5.jpg 1473w\" sizes=\"auto, (max-width: 1024px) 100vw, 1024px\" \/><span aria-hidden=\"true\" class=\"wp-block-cover__background has-background-dim-0 has-background-dim\" style=\"background-color:#e9e1da\"><\/span><div class=\"wp-block-cover__inner-container is-layout-flow wp-block-cover-is-layout-flow\">\n<div style=\"height:380px\" aria-hidden=\"true\" class=\"wp-block-spacer\"><\/div>\n<\/div><\/div>\n<\/div>\n<\/div>\n<\/div>\n\n\n\n<div class=\"wp-block-uagb-container uagb-block-dsajf6i3 alignfull uagb-is-root-container\"><div class=\"uagb-container-inner-blocks-wrap\">\n<div class=\"wp-block-uagb-container uagb-block-axe5t6eu\">\n<div class=\"wp-block-uagb-image alignleft uagb-block-ts8bsdk2 wp-block-uagb-image--layout-default wp-block-uagb-image--effect-static wp-block-uagb-image--align-left\" id=\"amazon\"><figure class=\"wp-block-uagb-image__figure\"><img decoding=\"async\" srcset=\"https:\/\/keffhome.com\/wp-content\/uploads\/2025\/10\/amazonlogo1-1024x1024.jpg ,https:\/\/keffhome.com\/wp-content\/uploads\/2025\/10\/amazonlogo1.jpg 780w, https:\/\/keffhome.com\/wp-content\/uploads\/2025\/10\/amazonlogo1.jpg 360w\" sizes=\"auto, (max-width: 480px) 150px\" src=\"https:\/\/keffhome.com\/wp-content\/uploads\/2025\/10\/amazonlogo1-1024x1024.jpg\" alt=\"amazonlogo1\" class=\"uag-image-632\" width=\"564\" height=\"400\" title=\"amazonlogo1\" loading=\"lazy\" role=\"img\"\/><\/figure><\/div>\n\n\n\n<div class=\"wp-block-uagb-info-box uagb-block-futsurbx uagb-infobox__content-wrap  uagb-infobox-icon-above-title uagb-infobox-image-valign-top store-links\"><div class=\"uagb-ifb-content\"><div class=\"uagb-ifb-title-wrap\"><h3 class=\"uagb-ifb-title\">AMAZON<\/h3><\/div><p class=\"uagb-ifb-desc\"><a href=\"https:\/\/www.amazon.in\/KEFF-Shredded-Memory-Foam-Pillow\/dp\/B07P9N182S\"><strong>H\u0130ND\u0130STAN<\/strong><\/a><br><strong><a href=\"https:\/\/www.amazon.sa\/-\/en\/KEFF-Shredded-Memory-Pillows-Sleeping\/dp\/B07P9N182S\">SUUD\u0130 ARAB\u0130STAN<\/a><br><a href=\"https:\/\/www.amazon.com\/dp\/B07P9N182S\/ref=cm_sw_r_apa_i_T0Y1HP43FKZVWHK61TM1_0\">ABD<\/a><br><a href=\"https:\/\/www.amazon.com.tr\/dp\/B07P9N182S?ref=cm_sw_r_cso_wa_apan_dp_ND1Z5KB9DBVWN5ZD9FDW&amp;ref_=cm_sw_r_cso_wa_apan_dp_ND1Z5KB9DBVWN5ZD9FDW&amp;social_share=cm_sw_r_cso_wa_apan_dp_ND1Z5KB9DBVWN5ZD9FDW\">T\u00dcRK\u0130YE<\/a><\/strong><br><\/p><\/div><\/div>\n<\/div>\n\n\n\n<div class=\"wp-block-uagb-container uagb-block-irygx9gd\">\n<div class=\"wp-block-uagb-info-box uagb-block-lkwyqdw4 uagb-infobox__content-wrap  uagb-infobox-icon-above-title uagb-infobox-image-valign-top store-links\"><div class=\"uagb-ifb-content\"><div class=\"uagb-ifb-title-wrap\"><h3 class=\"uagb-ifb-title\">ebay<\/h3><\/div><p class=\"uagb-ifb-desc\"><a href=\"https:\/\/www.ebay.com\/itm\/186716630332\"><strong>ABD<\/strong><\/a><br><\/p><\/div><\/div>\n\n\n\n<div class=\"wp-block-uagb-image alignleft uagb-block-ypwdc3kk wp-block-uagb-image--layout-default wp-block-uagb-image--effect-static wp-block-uagb-image--align-left\" id=\"ebay\"><figure class=\"wp-block-uagb-image__figure\"><img decoding=\"async\" srcset=\"https:\/\/keffhome.com\/wp-content\/uploads\/2025\/10\/ebay-189064_640-e1547217150438.png ,https:\/\/keffhome.com\/wp-content\/uploads\/2025\/10\/ebay-189064_640-e1547217150438.png 780w, https:\/\/keffhome.com\/wp-content\/uploads\/2025\/10\/ebay-189064_640-e1547217150438.png 360w\" sizes=\"auto, (max-width: 480px) 150px\" src=\"https:\/\/keffhome.com\/wp-content\/uploads\/2025\/10\/ebay-189064_640-e1547217150438.png\" alt=\"ebay 189064 640 e1547217150438\" class=\"uag-image-633\" width=\"845\" height=\"400\" title=\"ebay 189064 640 e1547217150438\" loading=\"lazy\" role=\"img\"\/><\/figure><\/div>\n<\/div>\n\n\n\n<div class=\"wp-block-uagb-container uagb-block-lwn14kmr\">\n<div class=\"wp-block-uagb-image alignleft uagb-block-btox636l wp-block-uagb-image--layout-default wp-block-uagb-image--effect-static wp-block-uagb-image--align-left\" id=\"ubuy\"><figure class=\"wp-block-uagb-image__figure\"><img decoding=\"async\" srcset=\"https:\/\/keffhome.com\/wp-content\/uploads\/2025\/10\/ubuy.png ,https:\/\/keffhome.com\/wp-content\/uploads\/2025\/10\/ubuy.png 780w, https:\/\/keffhome.com\/wp-content\/uploads\/2025\/10\/ubuy.png 360w\" sizes=\"auto, (max-width: 480px) 150px\" src=\"https:\/\/keffhome.com\/wp-content\/uploads\/2025\/10\/ubuy.png\" alt=\"ubuy\" class=\"uag-image-634\" width=\"564\" height=\"400\" title=\"ubuy\" loading=\"lazy\" role=\"img\"\/><\/figure><\/div>\n\n\n\n<div class=\"wp-block-uagb-info-box uagb-block-3cvkj0lm uagb-infobox__content-wrap  uagb-infobox-icon-above-title uagb-infobox-image-valign-top store-links\"><div class=\"uagb-ifb-content\"><div class=\"uagb-ifb-title-wrap\"><h3 class=\"uagb-ifb-title\">ubUY<\/h3><\/div><p class=\"uagb-ifb-desc\"><strong><a href=\"https:\/\/www.ubuy.com.tr\/en\/product\/1PJCO92DK-keff-shredded-memory-foam-pillow-pillows-for-sleeping-premium-adjustable-loft-washable-removable-cooling-bamboo-deriver-rayon-cover-queen-size?ref=hm-google-redirect\">HONG KONG<\/a><\/strong><\/p><\/div><\/div>\n<\/div>\n<\/div><\/div>\n\n\n\t\t\t<div \n\t\t\tclass=\"wp-block-uagb-google-map uagb-google-map__wrap uagb-block-2e703c12\"\n\t\t\tstyle=\"\" >\n\t\t\t\t<embed\n\t\t\t\t\tclass=\"uagb-google-map__iframe\"\n\t\t\t\t\ttitle=\"Google Map for \"\n\t\t\t\t\tsrc=\"https:\/\/maps.google.com\/maps?q=Atat%C3%BCrk%20Mah.%20Alemda%C4%9F%20Cad.%20No%3A140-144%20%C4%B0%C3%A7%20Kap%C4%B1%20No%3A19%20%C3%9Cmraniye%20%2F%20Istanbul%20%2F%20Turkey&#038;z=12&#038;hl=en&#038;t=m&#038;output=embed&#038;iwloc=near\"\n\t\t\t\t\twidth=\"640\"\n\t\t\t\t\theight=\"500\"\n\t\t\t\t\tloading=\"lazy\"\n\t\t\t\t><\/embed>\n\t\t\t<\/div>","protected":false},"excerpt":{"rendered":"<p>Discover Quality, Comfort &amp; Global Trust Keff Home products are sold internationally across multiple Amazon marketplaces and eBay by trusted [&hellip;]<\/p>","protected":false},"author":1,"featured_media":0,"parent":0,"menu_order":0,"comment_status":"closed","ping_status":"closed","template":"","meta":{"_uag_custom_page_level_css":"","site-sidebar-layout":"default","site-content-layout":"","ast-site-content-layout":"default","site-content-style":"default","site-sidebar-style":"default","ast-global-header-display":"","ast-banner-title-visibility":"","ast-main-header-display":"","ast-hfb-above-header-display":"","ast-hfb-below-header-display":"","ast-hfb-mobile-header-display":"","site-post-title":"disabled","ast-breadcrumbs-content":"","ast-featured-img":"","footer-sml-layout":"","theme-transparent-header-meta":"","adv-header-id-meta":"","stick-header-meta":"","header-above-stick-meta":"","header-main-stick-meta":"","header-below-stick-meta":"","astra-migrate-meta-layouts":"default","ast-page-background-enabled":"default","ast-page-background-meta":{"desktop":{"background-color":"var(--ast-global-color-4)","background-image":"","background-repeat":"repeat","background-position":"center center","background-size":"auto","background-attachment":"scroll","background-type":"","background-media":"","overlay-type":"","overlay-color":"","overlay-opacity":"","overlay-gradient":""},"tablet":{"background-color":"","background-image":"","background-repeat":"repeat","background-position":"center center","background-size":"auto","background-attachment":"scroll","background-type":"","background-media":"","overlay-type":"","overlay-color":"","overlay-opacity":"","overlay-gradient":""},"mobile":{"background-color":"","background-image":"","background-repeat":"repeat","background-position":"center center","background-size":"auto","background-attachment":"scroll","background-type":"","background-media":"","overlay-type":"","overlay-color":"","overlay-opacity":"","overlay-gradient":""}},"ast-content-background-meta":{"desktop":{"background-color":"var(--ast-global-color-5)","background-image":"","background-repeat":"repeat","background-position":"center center","background-size":"auto","background-attachment":"scroll","background-type":"","background-media":"","overlay-type":"","overlay-color":"","overlay-opacity":"","overlay-gradient":""},"tablet":{"background-color":"var(--ast-global-color-5)","background-image":"","background-repeat":"repeat","background-position":"center center","background-size":"auto","background-attachment":"scroll","background-type":"","background-media":"","overlay-type":"","overlay-color":"","overlay-opacity":"","overlay-gradient":""},"mobile":{"background-color":"var(--ast-global-color-5)","background-image":"","background-repeat":"repeat","background-position":"center center","background-size":"auto","background-attachment":"scroll","background-type":"","background-media":"","overlay-type":"","overlay-color":"","overlay-opacity":"","overlay-gradient":""}},"footnotes":""},"class_list":["post-589","page","type-page","status-publish","hentry"],"uagb_featured_image_src":{"full":false,"thumbnail":false,"medium":false,"medium_large":false,"large":false,"1536x1536":false,"2048x2048":false,"trp-custom-language-flag":false},"uagb_author_info":{"display_name":"admin","author_link":"https:\/\/keffhome.com\/tr\/author\/admin\/"},"uagb_comment_info":0,"uagb_excerpt":"Discover Quality, Comfort &amp; Global Trust Keff Home products are sold internationally across multiple Amazon marketplaces and eBay by trusted [&hellip;]","_links":{"self":[{"href":"https:\/\/keffhome.com\/tr\/wp-json\/wp\/v2\/pages\/589","targetHints":{"allow":["GET"]}}],"collection":[{"href":"https:\/\/keffhome.com\/tr\/wp-json\/wp\/v2\/pages"}],"about":[{"href":"https:\/\/keffhome.com\/tr\/wp-json\/wp\/v2\/types\/page"}],"author":[{"embeddable":true,"href":"https:\/\/keffhome.com\/tr\/wp-json\/wp\/v2\/users\/1"}],"replies":[{"embeddable":true,"href":"https:\/\/keffhome.com\/tr\/wp-json\/wp\/v2\/comments?post=589"}],"version-history":[{"count":4,"href":"https:\/\/keffhome.com\/tr\/wp-json\/wp\/v2\/pages\/589\/revisions"}],"predecessor-version":[{"id":621,"href":"https:\/\/keffhome.com\/tr\/wp-json\/wp\/v2\/pages\/589\/revisions\/621"}],"wp:attachment":[{"href":"https:\/\/keffhome.com\/tr\/wp-json\/wp\/v2\/media?parent=589"}],"curies":[{"name":"wp","href":"https:\/\/api.w.org\/{rel}","templated":true}]}}