{"id":298,"date":"2025-10-31T09:52:46","date_gmt":"2025-10-31T09:52:46","guid":{"rendered":"https:\/\/keffhome.com\/about\/"},"modified":"2025-10-31T15:48:31","modified_gmt":"2025-10-31T15:48:31","slug":"about-us","status":"publish","type":"page","link":"https:\/\/keffhome.com\/tr\/about-us\/","title":{"rendered":"Hakk\u0131m\u0131zda"},"content":{"rendered":"<div class=\"wp-block-uagb-container uagb-layout-grid uagb-block-bfe052b1 alignfull uagb-is-root-container\"><div class=\"uagb-container-inner-blocks-wrap\">\n<div class=\"wp-block-uagb-advanced-heading uagb-block-4de6aee5\"><div class=\"uagb-separator\"><\/div><h1 class=\"uagb-heading-text\">Keff Home'u ke\u015ffedin: Kalite, Konfor ve K\u00fcresel G\u00fcven<\/h1><\/div>\n\n\n\n<div class=\"wp-block-uagb-image uagb-block-259aae54 wp-block-uagb-image--layout-default wp-block-uagb-image--effect-static wp-block-uagb-image--align-none\"><figure class=\"wp-block-uagb-image__figure\"><img decoding=\"async\" srcset=\"https:\/\/keffhome.com\/wp-content\/uploads\/2025\/10\/pillow5-1024x954.jpg ,https:\/\/keffhome.com\/wp-content\/uploads\/2025\/10\/pillow5.jpg 780w, https:\/\/keffhome.com\/wp-content\/uploads\/2025\/10\/pillow5.jpg 360w\" sizes=\"auto, (max-width: 480px) 150px\" src=\"https:\/\/keffhome.com\/wp-content\/uploads\/2025\/10\/pillow5-1024x954.jpg\" alt=\"pillow5\" class=\"uag-image-552\" width=\"396\" height=\"380\" title=\"pillow5\" loading=\"lazy\" role=\"img\"\/><\/figure><\/div>\n\n\n\n<p>Keff Home, 2017 y\u0131l\u0131nda Ufuk Kefal taraf\u0131ndan kuruldu. Marka, yolculu\u011funa Amazon ABD'de sat\u0131\u015f yaparak ba\u015flad\u0131 ve o zamandan beri Walmart ve Amazon arac\u0131l\u0131\u011f\u0131yla faaliyet g\u00f6steren g\u00fcvenilir bir k\u00fcresel marka haline geldi.<br>USPTO kapsam\u0131nda tescilli ticari markad\u0131r. ABD Seri No: 90036143 ABD Tescil No: 6261496<\/p>\n<\/div><\/div>\n\n\n\n<div class=\"wp-block-uagb-container uagb-block-zusjddfb alignfull uagb-is-root-container\"><div class=\"uagb-container-inner-blocks-wrap\">\n<figure class=\"wp-block-image size-custom alignleft\"><img decoding=\"async\" src=\"http:\/\/keffhome.com\/wp-content\/uploads\/2025\/10\/WhatsApp-Image-2025-10-30-at-00.05.03.jpeg\" alt=\"WhatsApp Image 2025 10 30 At 00.05.03\" title=\"Hakk\u0131m\u0131zda\"><\/figure>\n\n\n\n<div class=\"wp-block-uagb-container uagb-block-syep5fgn\">\n<div class=\"wp-block-uagb-info-box uagb-block-0y1vplwj uagb-infobox__content-wrap  uagb-infobox-icon-above-title uagb-infobox-image-valign-top\"><div class=\"uagb-ifb-content\"><div class=\"uagb-ifb-title-wrap\"><h3 class=\"uagb-ifb-title\">PATENT\u0130M\u0130Z<\/h3><\/div><\/div><\/div>\n\n\n\n<div class=\"wp-block-uagb-container uagb-block-c6a79db1\">\n<p><a href=\"https:\/\/tsdr.uspto.gov\/#caseNumber=90036143&amp;caseSearchType=US_APPLICATION&amp;caseType=DEFAULT&amp;searchType=statusSearch\">Patentimizi burada g\u00f6rebilirsiniz.<\/a><\/p>\n<\/div>\n<\/div>\n<\/div><\/div>\n\n\n\n<div class=\"wp-block-uagb-container uagb-block-b6c01382 alignfull uagb-is-root-container\"><div class=\"uagb-container-inner-blocks-wrap\">\n<figure class=\"wp-block-image size-custom\"><img decoding=\"async\" src=\"http:\/\/keffhome.com\/wp-content\/uploads\/2025\/10\/pillow7-1024x730.jpg\" alt=\"Pillow7 1024x730\" title=\"Hakk\u0131m\u0131zda\"><\/figure>\n\n\n\n<div class=\"wp-block-uagb-container uagb-block-3ac84b20\">\n<div class=\"wp-block-uagb-container uag-blocks-common-selector uagb-block-0bc34e4a\">\n<div class=\"wp-block-uagb-advanced-heading uagb-block-7752a12a\"><div class=\"uagb-separator\"><\/div><h2 class=\"uagb-heading-text\">Kalite ve G\u00fcvene Ba\u011fl\u0131l\u0131\u011f\u0131m\u0131z<\/h2><\/div>\n\n\n\n<figure class=\"wp-block-image size-custom\"><img decoding=\"async\" src=\"http:\/\/keffhome.com\/wp-content\/uploads\/2025\/10\/pillow8-1024x826.jpg\" alt=\"Pillow8 1024x826\" title=\"Hakk\u0131m\u0131zda\"><\/figure>\n<\/div>\n\n\n\n<div class=\"wp-block-uagb-advanced-heading uagb-block-90bd4abb\"><h3 class=\"uagb-heading-text\">Keff Home, k\u00fcresel toplulu\u011fumuz i\u00e7in konforu ve stili art\u0131ran y\u00fcksek kaliteli YASTIKLAR ve giysiler sunmaya kendini adam\u0131\u015ft\u0131r.<\/h3><p class=\"uagb-desc-text\">Keff Home, yenilik\u00e7ilik ve m\u00fc\u015fteri memnuniyetine odaklanarak, m\u00fc\u015fteri beklentilerini kar\u015f\u0131lamakla kalmay\u0131p a\u015fan \u00fcst\u00fcn \u00fcr\u00fcnler sunarak pazardaki itibar\u0131n\u0131 sa\u011flamla\u015ft\u0131rm\u0131\u015ft\u0131r.<\/p><\/div>\n<\/div>\n<\/div><\/div>\n\n\n\n<div class=\"wp-block-uagb-container uagb-block-71d5d729 alignfull uagb-is-root-container\"><div class=\"uagb-container-inner-blocks-wrap\">\n<div class=\"wp-block-uagb-advanced-heading uagb-block-c0ed63b6\"><div class=\"uagb-separator\"><\/div><h2 class=\"uagb-heading-text\">Keff Home Yolculu\u011fu<\/h2><p class=\"uagb-desc-text\">Kaliteli ev e\u015fyalar\u0131na olan tutkuyla kurulan Keff Home, k\u00fc\u00e7\u00fck bir giri\u015fimden, sekt\u00f6rde g\u00fcvenilir bir isim haline gelerek d\u00fcnya \u00e7ap\u0131nda m\u00fc\u015fterilere hizmet veriyor.<\/p><\/div>\n\n\n\n<figure class=\"wp-block-image size-custom\"><img decoding=\"async\" src=\"http:\/\/keffhome.com\/wp-content\/uploads\/2025\/10\/pillow6-1024x1024.jpg\" alt=\"Pillow6 1024x1024\" title=\"Hakk\u0131m\u0131zda\"><\/figure>\n\n\n\n<div class=\"wp-block-uagb-advanced-heading uagb-block-441d128f\"><h3 class=\"uagb-heading-text\">Keff Home'un \u00d6nemli Ba\u015far\u0131lar\u0131<\/h3><p class=\"uagb-desc-text\">Keff Home, kuruldu\u011fu g\u00fcnden bu yana \u00fcr\u00fcn yelpazesini geni\u015fletmek, d\u00fcnyan\u0131n \u00f6nde gelen distrib\u00fct\u00f6rleriyle ortakl\u0131klar kurmak ve d\u00fcnya \u00e7ap\u0131ndaki m\u00fc\u015fterilere ula\u015fmak gibi \u00f6nemli kilometre ta\u015flar\u0131na s\u00fcrekli olarak ula\u015fm\u0131\u015ft\u0131r.<\/p><\/div>\n<\/div><\/div>","protected":false},"excerpt":{"rendered":"<p>Discover Keff Home: Quality, Comfort &amp; Global Trust Keff Home was founded in 2017 by Ufuk Kefal. The brand started [&hellip;]<\/p>","protected":false},"author":1,"featured_media":0,"parent":0,"menu_order":0,"comment_status":"closed","ping_status":"closed","template":"","meta":{"_uag_custom_page_level_css":"","site-sidebar-layout":"default","site-content-layout":"","ast-site-content-layout":"default","site-content-style":"default","site-sidebar-style":"default","ast-global-header-display":"","ast-banner-title-visibility":"","ast-main-header-display":"","ast-hfb-above-header-display":"","ast-hfb-below-header-display":"","ast-hfb-mobile-header-display":"","site-post-title":"disabled","ast-breadcrumbs-content":"","ast-featured-img":"","footer-sml-layout":"","theme-transparent-header-meta":"","adv-header-id-meta":"","stick-header-meta":"","header-above-stick-meta":"","header-main-stick-meta":"","header-below-stick-meta":"","astra-migrate-meta-layouts":"default","ast-page-background-enabled":"default","ast-page-background-meta":{"desktop":{"background-color":"var(--ast-global-color-4)","background-image":"","background-repeat":"repeat","background-position":"center center","background-size":"auto","background-attachment":"scroll","background-type":"","background-media":"","overlay-type":"","overlay-color":"","overlay-opacity":"","overlay-gradient":""},"tablet":{"background-color":"","background-image":"","background-repeat":"repeat","background-position":"center center","background-size":"auto","background-attachment":"scroll","background-type":"","background-media":"","overlay-type":"","overlay-color":"","overlay-opacity":"","overlay-gradient":""},"mobile":{"background-color":"","background-image":"","background-repeat":"repeat","background-position":"center center","background-size":"auto","background-attachment":"scroll","background-type":"","background-media":"","overlay-type":"","overlay-color":"","overlay-opacity":"","overlay-gradient":""}},"ast-content-background-meta":{"desktop":{"background-color":"var(--ast-global-color-5)","background-image":"","background-repeat":"repeat","background-position":"center center","background-size":"auto","background-attachment":"scroll","background-type":"","background-media":"","overlay-type":"","overlay-color":"","overlay-opacity":"","overlay-gradient":""},"tablet":{"background-color":"var(--ast-global-color-5)","background-image":"","background-repeat":"repeat","background-position":"center center","background-size":"auto","background-attachment":"scroll","background-type":"","background-media":"","overlay-type":"","overlay-color":"","overlay-opacity":"","overlay-gradient":""},"mobile":{"background-color":"var(--ast-global-color-5)","background-image":"","background-repeat":"repeat","background-position":"center center","background-size":"auto","background-attachment":"scroll","background-type":"","background-media":"","overlay-type":"","overlay-color":"","overlay-opacity":"","overlay-gradient":""}},"footnotes":""},"class_list":["post-298","page","type-page","status-publish","hentry"],"uagb_featured_image_src":{"full":false,"thumbnail":false,"medium":false,"medium_large":false,"large":false,"1536x1536":false,"2048x2048":false,"trp-custom-language-flag":false},"uagb_author_info":{"display_name":"admin","author_link":"https:\/\/keffhome.com\/tr\/author\/admin\/"},"uagb_comment_info":0,"uagb_excerpt":"Discover Keff Home: Quality, Comfort &amp; Global Trust Keff Home was founded in 2017 by Ufuk Kefal. The brand started [&hellip;]","_links":{"self":[{"href":"https:\/\/keffhome.com\/tr\/wp-json\/wp\/v2\/pages\/298","targetHints":{"allow":["GET"]}}],"collection":[{"href":"https:\/\/keffhome.com\/tr\/wp-json\/wp\/v2\/pages"}],"about":[{"href":"https:\/\/keffhome.com\/tr\/wp-json\/wp\/v2\/types\/page"}],"author":[{"embeddable":true,"href":"https:\/\/keffhome.com\/tr\/wp-json\/wp\/v2\/users\/1"}],"replies":[{"embeddable":true,"href":"https:\/\/keffhome.com\/tr\/wp-json\/wp\/v2\/comments?post=298"}],"version-history":[{"count":18,"href":"https:\/\/keffhome.com\/tr\/wp-json\/wp\/v2\/pages\/298\/revisions"}],"predecessor-version":[{"id":662,"href":"https:\/\/keffhome.com\/tr\/wp-json\/wp\/v2\/pages\/298\/revisions\/662"}],"wp:attachment":[{"href":"https:\/\/keffhome.com\/tr\/wp-json\/wp\/v2\/media?parent=298"}],"curies":[{"name":"wp","href":"https:\/\/api.w.org\/{rel}","templated":true}]}}