{"id":296,"date":"2025-10-31T09:52:46","date_gmt":"2025-10-31T09:52:46","guid":{"rendered":"https:\/\/keffhome.com\/home\/"},"modified":"2025-10-31T16:16:28","modified_gmt":"2025-10-31T16:16:28","slug":"home","status":"publish","type":"page","link":"https:\/\/keffhome.com\/tr\/","title":{"rendered":"Anasayfa"},"content":{"rendered":"<div class=\"wp-block-uagb-container uagb-block-e9f89e50 alignfull uagb-is-root-container\"><div class=\"uagb-container-inner-blocks-wrap\">\n<div class=\"wp-block-uagb-advanced-heading uagb-block-4de6aee5\"><div class=\"uagb-separator\"><\/div><h1 class=\"uagb-heading-text\">Kalite, Konfor ve K\u00fcresel G\u00fcven<\/h1><\/div>\n\n\n\n<div class=\"wp-block-columns is-layout-flex wp-container-core-columns-is-layout-28f84493 wp-block-columns-is-layout-flex\">\n<div class=\"wp-block-column is-vertically-aligned-center is-layout-flow wp-block-column-is-layout-flow\" style=\"flex-basis:100%\">\n<div class=\"wp-block-uagb-info-box uagb-block-b9ecca73 uagb-infobox__content-wrap  uagb-infobox-icon-above-title uagb-infobox-image-valign-top\"><div class=\"uagb-ifb-content\"><div class=\"uagb-ifb-title-wrap\"><\/div><p class=\"uagb-ifb-desc\">Ya\u015fam alan\u0131n\u0131za k\u00fcresel g\u00fcven katan, kalite ve konfor i\u00e7in tasarlanm\u0131\u015f birinci s\u0131n\u0131f \u00fcr\u00fcnleri ke\u015ffedin.<\/p><div class=\"uagb-ifb-button-wrapper wp-block-button\"><a href=\"\/tr\/our-products\/\" class=\"uagb-infobox-cta-link wp-block-button__link\" target=\"_self\" rel=\"noopener noreferrer\" onclick=\"return true;\"><span class=\"uagb-inline-editing\">Daha Fazlas\u0131<\/span><\/a><\/div><\/div><\/div>\n<\/div>\n\n\n\n<div class=\"wp-block-column is-layout-flow wp-block-column-is-layout-flow\" style=\"flex-basis:100%\">\n<div class=\"wp-block-uagb-image uagb-block-8253d6f7 wp-block-uagb-image--layout-default wp-block-uagb-image--effect-static wp-block-uagb-image--align-none\"><figure class=\"wp-block-uagb-image__figure\"><img decoding=\"async\" sizes=\"auto, (max-width: 480px) 150px\" src=\"http:\/\/keffhome.com\/wp-content\/uploads\/2025\/10\/pillow5-1024x954.jpg\" alt=\"Pillow5 1024x954\" width=\"1024\" height=\"954\" title=\"Anasayfa\" loading=\"lazy\" role=\"img\"><\/figure><\/div>\n<\/div>\n<\/div>\n<\/div><\/div>\n\n\n\n<div class=\"wp-block-uagb-container uagb-layout-grid uagb-block-c194462d alignfull uagb-is-root-container\"><div class=\"uagb-container-inner-blocks-wrap\">\n<div class=\"wp-block-uagb-container uagb-layout-grid uagb-block-40e34b66\">\n<div class=\"wp-block-uagb-counter uagb-block-2cde7c70 wp-block-uagb-counter--number\"><div class=\"wp-block-uagb-counter__number\"><span class=\"uagb-counter-block-number\" data-duration=\"1.5\" data-to-value=\"98\" data-from-value=\"0\" data-delimiter=\",\"><\/span><span class=\"uagb-counter-block-suffix\">%<\/span><\/div><div class=\"wp-block-uagb-counter__title\">M\u00fc\u015fteri Memnuniyeti<\/div><\/div>\n<\/div>\n\n\n\n<div class=\"wp-block-uagb-advanced-heading uagb-block-90bd4abb\"><p class=\"uagb-desc-text\">Keff Home \u00dcr\u00fcnleri.<\/p><\/div>\n<\/div><\/div>\n\n\n\n<div class=\"wp-block-uagb-container uagb-layout-grid uagb-block-b7d94873 alignfull uagb-is-root-container\"><div class=\"uagb-container-inner-blocks-wrap\">\n<figure class=\"wp-block-image size-custom\"><img decoding=\"async\" src=\"http:\/\/keffhome.com\/wp-content\/uploads\/2025\/10\/WhatsApp-Image-2025-10-30-at-00.05.03.jpeg\" alt=\"WhatsApp Image 2025 10 30 At 00.05.03\" title=\"Anasayfa\"><\/figure>\n\n\n\n<div class=\"wp-block-uagb-container uagb-block-cfc0a34f\">\n<div class=\"wp-block-uagb-info-box uagb-block-36c16d4d uagb-infobox__content-wrap  uagb-infobox-icon-above-title uagb-infobox-image-valign-top wp-block-uagb-info-box--has-margin\"><div class=\"uagb-infobox-margin-wrapper\"><div class=\"uagb-ifb-content\"><div class=\"uagb-ifb-title-wrap\"><div class=\"uagb-ifb-separator\"><\/div><h2 class=\"uagb-ifb-title\">Keff Home Hakk\u0131nda Daha Fazla Bilgi Edinin<\/h2><\/div><p class=\"uagb-ifb-desc\">2017 y\u0131l\u0131nda Ufuk Kefal taraf\u0131ndan kuruldu. Keff Home, yolculu\u011funa Amazon ABD'de ba\u015flad\u0131 ve h\u0131zla g\u00fcvenilir bir uluslararas\u0131 markaya d\u00f6n\u00fc\u015ft\u00fc. Bug\u00fcn Keff Home, Walmart, Amazon arac\u0131l\u0131\u011f\u0131yla k\u00fcresel olarak geni\u015fliyor. <br>Kay\u0131tl\u0131 Ticari Marka (USPTO).<br>Serial No: 80856143 | Reg No: <a href=\"https:\/\/tsdr.uspto.gov\/#caseNumber=90036143&amp;caseSearchType=US_APPLICATION&amp;caseType=DEFAULT&amp;searchType=statusSearch\">6251496<\/a> <a href=\"https:\/\/keffhome.com\/tr\/about-us\/\" data-type=\"page\" data-id=\"298\">Hakk\u0131m\u0131zda<\/a><\/p><div class=\"uagb-ifb-button-wrapper wp-block-button\"><a href=\"\/tr\/about\/\" class=\"uagb-infobox-cta-link wp-block-button__link\" target=\"_self\" rel=\"noopener noreferrer\" onclick=\"return true;\"><span class=\"uagb-inline-editing\"><\/span><\/a><\/div><\/div><\/div><\/div>\n<\/div>\n<\/div><\/div>\n\n\n\n<div class=\"wp-block-uagb-container uagb-block-5a7893df alignfull uagb-is-root-container\"><div class=\"uagb-container-inner-blocks-wrap\">\n<div class=\"wp-block-uagb-advanced-heading uagb-block-847f0174\"><div class=\"uagb-separator\"><\/div><h2 class=\"uagb-heading-text\">Geni\u015f \u00dcr\u00fcn Yelpazemiz<\/h2><\/div>\n\n\n\n<div class=\"wp-block-uagb-container uagb-block-883307ab\">\n<div class=\"wp-block-uagb-container uagb-layout-grid uagb-block-db0b5e62\">\n<div class=\"wp-block-uagb-container uagb-layout-grid uagb-block-67ff30b9\">\n<div class=\"wp-block-uagb-advanced-heading uagb-block-6241311c\"><h2 class=\"uagb-heading-text\">1.<\/h2><\/div>\n\n\n\n<div class=\"wp-block-uagb-advanced-heading uagb-block-505b8d31\"><h3 class=\"uagb-heading-text\">Keff Home Koleksiyonu<\/h3><p class=\"uagb-desc-text\">Her mekana uygun, \u015f\u0131k tasar\u0131ml\u0131 yast\u0131klar.<\/p><\/div>\n\n\n\n<div class=\"wp-block-uagb-buttons uagb-buttons__outer-wrap uagb-btn__default-btn uagb-btn-tablet__default-btn uagb-btn-mobile__default-btn uagb-block-d4e81e9b\"><div class=\"uagb-buttons__wrap uagb-buttons-layout-wrap\">\n<div class=\"wp-block-uagb-buttons-child uagb-buttons__outer-wrap uagb-block-2c16c927 wp-block-button\"><div class=\"uagb-button__wrapper\"><a class=\"uagb-buttons-repeater wp-block-button__link\" aria-label=\"\" href=\"\/tr\/our-products\/#uagb-tabs__tab0\" rel=\"follow noopener\" target=\"_self\" role=\"button\"><div class=\"uagb-button__link\">Daha Fazlas\u0131<\/div><\/a><\/div><\/div>\n<\/div><\/div>\n<\/div>\n\n\n\n<figure class=\"wp-block-image size-large\"><img loading=\"lazy\" decoding=\"async\" width=\"1024\" height=\"826\" src=\"http:\/\/keffhome.com\/wp-content\/uploads\/2025\/10\/pillow8-1024x826.jpg\" alt=\"pillow8\" class=\"wp-image-555\" title=\"Anasayfa\" srcset=\"https:\/\/keffhome.com\/wp-content\/uploads\/2025\/10\/pillow8-1024x826.jpg 1024w, https:\/\/keffhome.com\/wp-content\/uploads\/2025\/10\/pillow8-300x242.jpg 300w, https:\/\/keffhome.com\/wp-content\/uploads\/2025\/10\/pillow8-768x619.jpg 768w, https:\/\/keffhome.com\/wp-content\/uploads\/2025\/10\/pillow8.jpg 1414w\" sizes=\"auto, (max-width: 1024px) 100vw, 1024px\" \/><\/figure>\n<\/div>\n\n\n\n<div class=\"wp-block-uagb-container uagb-layout-grid uagb-block-5d2eae7e\">\n<div class=\"wp-block-uagb-container uagb-layout-grid uagb-block-b57855ad\">\n<div class=\"wp-block-uagb-advanced-heading uagb-block-5a2852eb\"><h2 class=\"uagb-heading-text\">2.<\/h2><\/div>\n\n\n\n<div class=\"wp-block-uagb-advanced-heading uagb-block-090c91de\"><h3 class=\"uagb-heading-text\">Giyim ve Aksesuarlar<\/h3><\/div>\n\n\n\n<div class=\"wp-block-uagb-buttons uagb-buttons__outer-wrap uagb-btn__default-btn uagb-btn-tablet__default-btn uagb-btn-mobile__default-btn uagb-block-ba6fa474\"><div class=\"uagb-buttons__wrap uagb-buttons-layout-wrap\">\n<div class=\"wp-block-uagb-buttons-child uagb-buttons__outer-wrap uagb-block-ad53e84a wp-block-button\"><div class=\"uagb-button__wrapper\"><a class=\"uagb-buttons-repeater wp-block-button__link\" aria-label=\"\" href=\"\/tr\/our-products\/#uagb-tabs__tab1\" rel=\"follow noopener\" target=\"_self\" role=\"button\"><div class=\"uagb-button__link\">Daha Fazlas\u0131<\/div><\/a><\/div><\/div>\n<\/div><\/div>\n<\/div>\n\n\n\n<figure class=\"wp-block-image size-full\"><img loading=\"lazy\" decoding=\"async\" width=\"881\" height=\"877\" src=\"http:\/\/keffhome.com\/wp-content\/uploads\/2025\/10\/Screenshot-2025-10-31-182257.png\" alt=\"screenshot 2025 10 31 182257\" class=\"wp-image-647\" title=\"Anasayfa\" srcset=\"https:\/\/keffhome.com\/wp-content\/uploads\/2025\/10\/Screenshot-2025-10-31-182257.png 881w, https:\/\/keffhome.com\/wp-content\/uploads\/2025\/10\/Screenshot-2025-10-31-182257-300x300.png 300w, https:\/\/keffhome.com\/wp-content\/uploads\/2025\/10\/Screenshot-2025-10-31-182257-150x150.png 150w, https:\/\/keffhome.com\/wp-content\/uploads\/2025\/10\/Screenshot-2025-10-31-182257-768x765.png 768w, https:\/\/keffhome.com\/wp-content\/uploads\/2025\/10\/Screenshot-2025-10-31-182257-12x12.png 12w\" sizes=\"auto, (max-width: 881px) 100vw, 881px\" \/><\/figure>\n<\/div>\n\n\n\n<div class=\"wp-block-uagb-container uagb-layout-grid uagb-block-d5724395\">\n<div class=\"wp-block-uagb-container uagb-layout-grid uagb-block-d9bd6d4f\">\n<div class=\"wp-block-uagb-advanced-heading uagb-block-58a6d057\"><h2 class=\"uagb-heading-text\">3.<\/h2><\/div>\n\n\n\n<div class=\"wp-block-uagb-advanced-heading uagb-block-b644e346\"><h3 class=\"uagb-heading-text\">Toptan Spor Giyim<\/h3><\/div>\n\n\n\n<div class=\"wp-block-uagb-buttons uagb-buttons__outer-wrap uagb-btn__default-btn uagb-btn-tablet__default-btn uagb-btn-mobile__default-btn uagb-block-bd5fc5fe\"><div class=\"uagb-buttons__wrap uagb-buttons-layout-wrap\">\n<div class=\"wp-block-uagb-buttons-child uagb-buttons__outer-wrap uagb-block-2569d586 wp-block-button\"><div class=\"uagb-button__wrapper\"><a class=\"uagb-buttons-repeater wp-block-button__link\" aria-label=\"\" href=\"\/tr\/our-products\/#uagb-tabs__tab2\" rel=\"follow noopener\" target=\"_self\" role=\"button\"><div class=\"uagb-button__link\">Daha Fazlas\u0131<\/div><\/a><\/div><\/div>\n<\/div><\/div>\n<\/div>\n\n\n\n<figure class=\"wp-block-image size-full\"><img loading=\"lazy\" decoding=\"async\" width=\"877\" height=\"877\" src=\"http:\/\/keffhome.com\/wp-content\/uploads\/2025\/10\/Screenshot-2025-10-31-182052.png\" alt=\"screenshot 2025 10 31 182052\" class=\"wp-image-646\" title=\"Anasayfa\" srcset=\"https:\/\/keffhome.com\/wp-content\/uploads\/2025\/10\/Screenshot-2025-10-31-182052.png 877w, https:\/\/keffhome.com\/wp-content\/uploads\/2025\/10\/Screenshot-2025-10-31-182052-300x300.png 300w, https:\/\/keffhome.com\/wp-content\/uploads\/2025\/10\/Screenshot-2025-10-31-182052-150x150.png 150w, https:\/\/keffhome.com\/wp-content\/uploads\/2025\/10\/Screenshot-2025-10-31-182052-768x768.png 768w, https:\/\/keffhome.com\/wp-content\/uploads\/2025\/10\/Screenshot-2025-10-31-182052-12x12.png 12w\" sizes=\"auto, (max-width: 877px) 100vw, 877px\" \/><\/figure>\n<\/div>\n<\/div>\n<\/div><\/div>\n\n\n\n<div class=\"wp-block-uagb-container uagb-layout-grid uagb-block-5001986f alignfull uagb-is-root-container\"><div class=\"uagb-container-inner-blocks-wrap\">\n<div class=\"wp-block-uagb-container uagb-block-2c337278\">\n<div class=\"wp-block-uagb-advanced-heading uagb-block-61c0cd7e\"><div class=\"uagb-separator\"><\/div><h2 class=\"uagb-heading-text\">Neden Bizi Se\u00e7melisiniz?<\/h2><\/div>\n\n\n\n<div class=\"wp-block-uagb-container uagb-layout-grid uagb-block-7a9a21bc\">\n<div class=\"wp-block-uagb-advanced-heading uagb-block-e6d24376\"><p class=\"uagb-heading-text\">Kaliteli Malzemeler<\/p><\/div>\n\n\n\n<div class=\"wp-block-uagb-advanced-heading uagb-block-81a96aae\"><p class=\"uagb-desc-text\">Her \u00fcr\u00fcn\u00fcn eviniz i\u00e7in dayan\u0131kl\u0131 ve konforlu olmas\u0131n\u0131 sa\u011flamak amac\u0131yla y\u00fcksek kaliteli malzemelere \u00f6ncelik veriyoruz.<\/p><\/div>\n<\/div>\n\n\n\n<div class=\"wp-block-uagb-container uagb-layout-grid uagb-block-74b4daee\">\n<div class=\"wp-block-uagb-advanced-heading uagb-block-0a8b3bc1\"><p class=\"uagb-heading-text\">Ola\u011fan\u00fcst\u00fc Tasar\u0131m<\/p><\/div>\n\n\n\n<div class=\"wp-block-uagb-advanced-heading uagb-block-eb243354\"><p class=\"uagb-desc-text\">\u00dcr\u00fcnlerimiz \u00e7a\u011fda\u015f tasar\u0131mlara sahip olup, stil ve i\u015flevselli\u011fi bir araya getirerek ya\u015fam alan\u0131n\u0131z\u0131 g\u00fczel bir \u015fekilde tamamlar.<\/p><\/div>\n<\/div>\n\n\n\n<div class=\"wp-block-uagb-container uagb-layout-grid uagb-block-0b3a2e2c\">\n<div class=\"wp-block-uagb-advanced-heading uagb-block-eee8f105\"><p class=\"uagb-heading-text\">K\u00fcresel Da\u011f\u0131t\u0131m<\/p><\/div>\n\n\n\n<div class=\"wp-block-uagb-advanced-heading uagb-block-ad3e101e\"><p class=\"uagb-desc-text\">Keff Home \u00fcr\u00fcnleri uluslararas\u0131 platformlarda sat\u0131\u015fa sunuldu\u011fu i\u00e7in diledi\u011finiz yerden kolayca al\u0131\u015fveri\u015f yapabilirsiniz.<\/p><\/div>\n<\/div>\n<\/div>\n\n\n\n<div class=\"wp-block-uagb-image uagb-block-1927478c wp-block-uagb-image--layout-default wp-block-uagb-image--effect-static wp-block-uagb-image--align-none\"><figure class=\"wp-block-uagb-image__figure\"><img decoding=\"async\" srcset=\"https:\/\/keffhome.com\/wp-content\/uploads\/2025\/10\/pillow6-1024x1024.jpg ,https:\/\/keffhome.com\/wp-content\/uploads\/2025\/10\/pillow6.jpg 780w, https:\/\/keffhome.com\/wp-content\/uploads\/2025\/10\/pillow6.jpg 360w\" sizes=\"auto, (max-width: 480px) 150px\" src=\"https:\/\/keffhome.com\/wp-content\/uploads\/2025\/10\/pillow6-1024x1024.jpg\" alt=\"pillow6\" class=\"uag-image-553\" width=\"500\" height=\"500\" title=\"pillow6\" loading=\"lazy\" role=\"img\"\/><\/figure><\/div>\n<\/div><\/div>\n\n\n\n<div class=\"wp-block-uagb-container uagb-block-0e4a2b65 alignfull uagb-is-root-container\"><div class=\"uagb-container-inner-blocks-wrap\">\n<div class=\"wp-block-uagb-advanced-heading uagb-block-545dc0f1\"><div class=\"uagb-separator\"><\/div><h2 class=\"uagb-heading-text\">Son Projelerimiz ve \u00dcr\u00fcnlerimiz<\/h2><\/div>\n\n\n\n<div class=\"wp-block-uagb-container uagb-layout-grid uagb-block-100655f9\">\n<div class=\"wp-block-uagb-image uagb-block-51779539 wp-block-uagb-image--layout-default wp-block-uagb-image--effect-static wp-block-uagb-image--align-none\"><figure class=\"wp-block-uagb-image__figure\"><img decoding=\"async\" srcset=\"https:\/\/keffhome.com\/wp-content\/uploads\/2025\/10\/pillow2-1-1024x1024.jpg ,https:\/\/keffhome.com\/wp-content\/uploads\/2025\/10\/pillow2-1.jpg 780w, https:\/\/keffhome.com\/wp-content\/uploads\/2025\/10\/pillow2-1.jpg 360w\" sizes=\"auto, (max-width: 480px) 150px\" src=\"https:\/\/keffhome.com\/wp-content\/uploads\/2025\/10\/pillow2-1-1024x1024.jpg\" alt=\"pillow2\" class=\"uag-image-557\" width=\"360\" height=\"500\" title=\"pillow2\" loading=\"lazy\" role=\"img\"\/><\/figure><\/div>\n\n\n\n<div class=\"wp-block-uagb-container uagb-layout-grid uagb-block-f497f9d5\">\n<div class=\"wp-block-uagb-image uagb-block-b617d59f wp-block-uagb-image--layout-default wp-block-uagb-image--effect-static wp-block-uagb-image--align-none\"><figure class=\"wp-block-uagb-image__figure\"><img decoding=\"async\" srcset=\"https:\/\/keffhome.com\/wp-content\/uploads\/2025\/10\/pillow9-1024x709.jpg ,https:\/\/keffhome.com\/wp-content\/uploads\/2025\/10\/pillow9.jpg 780w, https:\/\/keffhome.com\/wp-content\/uploads\/2025\/10\/pillow9.jpg 360w\" sizes=\"auto, (max-width: 480px) 150px\" src=\"https:\/\/keffhome.com\/wp-content\/uploads\/2025\/10\/pillow9-1024x709.jpg\" alt=\"pillow9\" class=\"uag-image-556\" width=\"212\" height=\"240\" title=\"pillow9\" loading=\"lazy\" role=\"img\"\/><\/figure><\/div>\n\n\n\n<div class=\"wp-block-uagb-image uagb-block-f488cedb wp-block-uagb-image--layout-default wp-block-uagb-image--effect-static wp-block-uagb-image--align-none\"><figure class=\"wp-block-uagb-image__figure\"><img decoding=\"async\" srcset=\"https:\/\/keffhome.com\/wp-content\/uploads\/2025\/10\/pillow8-1024x826.jpg ,https:\/\/keffhome.com\/wp-content\/uploads\/2025\/10\/pillow8.jpg 780w, https:\/\/keffhome.com\/wp-content\/uploads\/2025\/10\/pillow8.jpg 360w\" sizes=\"auto, (max-width: 480px) 150px\" src=\"https:\/\/keffhome.com\/wp-content\/uploads\/2025\/10\/pillow8-1024x826.jpg\" alt=\"pillow8\" class=\"uag-image-555\" width=\"212\" height=\"240\" title=\"pillow8\" loading=\"lazy\" role=\"img\"\/><\/figure><\/div>\n\n\n\n<div class=\"wp-block-uagb-image uagb-block-144c9d78 wp-block-uagb-image--layout-default wp-block-uagb-image--effect-static wp-block-uagb-image--align-none\"><figure class=\"wp-block-uagb-image__figure\"><img decoding=\"async\" srcset=\"https:\/\/keffhome.com\/wp-content\/uploads\/2025\/10\/pillow4-1024x1024.jpg ,https:\/\/keffhome.com\/wp-content\/uploads\/2025\/10\/pillow4.jpg 780w, https:\/\/keffhome.com\/wp-content\/uploads\/2025\/10\/pillow4.jpg 360w\" sizes=\"auto, (max-width: 480px) 150px\" src=\"https:\/\/keffhome.com\/wp-content\/uploads\/2025\/10\/pillow4-1024x1024.jpg\" alt=\"pillow4\" class=\"uag-image-551\" width=\"212\" height=\"240\" title=\"pillow4\" loading=\"lazy\" role=\"img\"\/><\/figure><\/div>\n\n\n\n<div class=\"wp-block-uagb-image uagb-block-721ea1e8 wp-block-uagb-image--layout-default wp-block-uagb-image--effect-static wp-block-uagb-image--align-none\"><figure class=\"wp-block-uagb-image__figure\"><img decoding=\"async\" srcset=\"https:\/\/keffhome.com\/wp-content\/uploads\/2025\/10\/pillow1-955x1024.jpg ,https:\/\/keffhome.com\/wp-content\/uploads\/2025\/10\/pillow1.jpg 780w, https:\/\/keffhome.com\/wp-content\/uploads\/2025\/10\/pillow1.jpg 360w\" sizes=\"auto, (max-width: 480px) 150px\" src=\"https:\/\/keffhome.com\/wp-content\/uploads\/2025\/10\/pillow1-955x1024.jpg\" alt=\"pillow1\" class=\"uag-image-548\" width=\"212\" height=\"240\" title=\"pillow1\" loading=\"lazy\" role=\"img\"\/><\/figure><\/div>\n<\/div>\n\n\n\n<div class=\"wp-block-uagb-image uagb-block-5a03d8fb wp-block-uagb-image--layout-default wp-block-uagb-image--effect-static wp-block-uagb-image--align-none\"><figure class=\"wp-block-uagb-image__figure\"><img decoding=\"async\" srcset=\"https:\/\/keffhome.com\/wp-content\/uploads\/2025\/10\/pillow6-1024x1024.jpg ,https:\/\/keffhome.com\/wp-content\/uploads\/2025\/10\/pillow6.jpg 780w, https:\/\/keffhome.com\/wp-content\/uploads\/2025\/10\/pillow6.jpg 360w\" sizes=\"auto, (max-width: 480px) 150px\" src=\"https:\/\/keffhome.com\/wp-content\/uploads\/2025\/10\/pillow6-1024x1024.jpg\" alt=\"pillow6\" class=\"uag-image-553\" width=\"360\" height=\"500\" title=\"pillow6\" loading=\"lazy\" role=\"img\"\/><\/figure><\/div>\n<\/div>\n<\/div><\/div>","protected":false},"excerpt":{"rendered":"<p>Quality, Comfort &amp; Global Trust At Keff Home, we understand the essence of home. Our Wide Range of Offerings 1. [&hellip;]<\/p>","protected":false},"author":1,"featured_media":0,"parent":0,"menu_order":0,"comment_status":"closed","ping_status":"closed","template":"","meta":{"_uag_custom_page_level_css":"","site-sidebar-layout":"default","site-content-layout":"","ast-site-content-layout":"default","site-content-style":"default","site-sidebar-style":"default","ast-global-header-display":"","ast-banner-title-visibility":"","ast-main-header-display":"","ast-hfb-above-header-display":"","ast-hfb-below-header-display":"","ast-hfb-mobile-header-display":"","site-post-title":"disabled","ast-breadcrumbs-content":"","ast-featured-img":"","footer-sml-layout":"","theme-transparent-header-meta":"","adv-header-id-meta":"","stick-header-meta":"","header-above-stick-meta":"","header-main-stick-meta":"","header-below-stick-meta":"","astra-migrate-meta-layouts":"default","ast-page-background-enabled":"default","ast-page-background-meta":{"desktop":{"background-color":"var(--ast-global-color-4)","background-image":"","background-repeat":"repeat","background-position":"center center","background-size":"auto","background-attachment":"scroll","background-type":"","background-media":"","overlay-type":"","overlay-color":"","overlay-opacity":"","overlay-gradient":""},"tablet":{"background-color":"","background-image":"","background-repeat":"repeat","background-position":"center center","background-size":"auto","background-attachment":"scroll","background-type":"","background-media":"","overlay-type":"","overlay-color":"","overlay-opacity":"","overlay-gradient":""},"mobile":{"background-color":"","background-image":"","background-repeat":"repeat","background-position":"center center","background-size":"auto","background-attachment":"scroll","background-type":"","background-media":"","overlay-type":"","overlay-color":"","overlay-opacity":"","overlay-gradient":""}},"ast-content-background-meta":{"desktop":{"background-color":"var(--ast-global-color-5)","background-image":"","background-repeat":"repeat","background-position":"center center","background-size":"auto","background-attachment":"scroll","background-type":"","background-media":"","overlay-type":"","overlay-color":"","overlay-opacity":"","overlay-gradient":""},"tablet":{"background-color":"var(--ast-global-color-5)","background-image":"","background-repeat":"repeat","background-position":"center center","background-size":"auto","background-attachment":"scroll","background-type":"","background-media":"","overlay-type":"","overlay-color":"","overlay-opacity":"","overlay-gradient":""},"mobile":{"background-color":"var(--ast-global-color-5)","background-image":"","background-repeat":"repeat","background-position":"center center","background-size":"auto","background-attachment":"scroll","background-type":"","background-media":"","overlay-type":"","overlay-color":"","overlay-opacity":"","overlay-gradient":""}},"footnotes":""},"class_list":["post-296","page","type-page","status-publish","hentry"],"uagb_featured_image_src":{"full":false,"thumbnail":false,"medium":false,"medium_large":false,"large":false,"1536x1536":false,"2048x2048":false,"trp-custom-language-flag":false},"uagb_author_info":{"display_name":"admin","author_link":"https:\/\/keffhome.com\/tr\/author\/admin\/"},"uagb_comment_info":0,"uagb_excerpt":"Quality, Comfort &amp; Global Trust At Keff Home, we understand the essence of home. Our Wide Range of Offerings 1. [&hellip;]","_links":{"self":[{"href":"https:\/\/keffhome.com\/tr\/wp-json\/wp\/v2\/pages\/296","targetHints":{"allow":["GET"]}}],"collection":[{"href":"https:\/\/keffhome.com\/tr\/wp-json\/wp\/v2\/pages"}],"about":[{"href":"https:\/\/keffhome.com\/tr\/wp-json\/wp\/v2\/types\/page"}],"author":[{"embeddable":true,"href":"https:\/\/keffhome.com\/tr\/wp-json\/wp\/v2\/users\/1"}],"replies":[{"embeddable":true,"href":"https:\/\/keffhome.com\/tr\/wp-json\/wp\/v2\/comments?post=296"}],"version-history":[{"count":37,"href":"https:\/\/keffhome.com\/tr\/wp-json\/wp\/v2\/pages\/296\/revisions"}],"predecessor-version":[{"id":678,"href":"https:\/\/keffhome.com\/tr\/wp-json\/wp\/v2\/pages\/296\/revisions\/678"}],"wp:attachment":[{"href":"https:\/\/keffhome.com\/tr\/wp-json\/wp\/v2\/media?parent=296"}],"curies":[{"name":"wp","href":"https:\/\/api.w.org\/{rel}","templated":true}]}}